{"id":72,"date":"2020-03-14T16:58:36","date_gmt":"2020-03-14T16:58:36","guid":{"rendered":"http:\/\/schule-fischbach.ch\/site\/?page_id=72"},"modified":"2025-09-03T14:41:41","modified_gmt":"2025-09-03T12:41:41","slug":"unsere-schule","status":"publish","type":"page","link":"http:\/\/schule-fischbach.ch\/site\/index.php\/unsere-schule\/","title":{"rendered":"Unsere Schule"},"content":{"rendered":"<p>[et_pb_section fb_built=&#8220;1&#8243; _builder_version=&#8220;4.3.4&#8243; custom_padding=&#8220;35px||54px||false|false&#8220;][et_pb_row _builder_version=&#8220;4.3.4&#8243; background_size=&#8220;initial&#8220; background_position=&#8220;top_left&#8220; background_repeat=&#8220;repeat&#8220; width=&#8220;90.05%&#8220; custom_margin=&#8220;||||false|false&#8220; custom_padding=&#8220;||||false|false&#8220;][et_pb_column type=&#8220;4_4&#8243; _builder_version=&#8220;3.25&#8243; custom_padding=&#8220;|||&#8220; custom_padding__hover=&#8220;|||&#8220;][et_pb_post_title meta=&#8220;off&#8220; date_format=&#8220;d. F Y, G:i&#8220; featured_image=&#8220;off&#8220; _builder_version=&#8220;4.3.4&#8243; title_font=&#8220;Coming Soon|700|||||||&#8220; title_text_color=&#8220;#0177b5&#8243;][\/et_pb_post_title][et_pb_text _builder_version=&#8220;4.3.4&#8243; inline_fonts=&#8220;Coming Soon&#8220;]<\/p>\n<p style=\"text-align: justify;\">Die Schule Fischbach ist eine kleine, \u00fcberschaubare Schule in einer l\u00e4ndlichen Gegend. Sie beherbergt drei Abteilungen: Basisstufe, 3.\/4. Klasse und 5.\/6. Klasse. Insgesamt werden 45 Kinder von 10 Lehrpersonen unterrichtet.<\/p>\n<p>&nbsp;<\/p>\n<p>[\/et_pb_text][\/et_pb_column][\/et_pb_row][et_pb_row column_structure=&#8220;1_2,1_2&#8243; _builder_version=&#8220;4.3.4&#8243;][et_pb_column type=&#8220;1_2&#8243; _builder_version=&#8220;4.3.4&#8243;][et_pb_image src=&#8220;http:\/\/schule-fischbach.ch\/site\/wp-content\/uploads\/2020\/03\/schulhaus2.jpg&#8220; _builder_version=&#8220;4.3.4&#8243;][\/et_pb_image][\/et_pb_column][et_pb_column type=&#8220;1_2&#8243; _builder_version=&#8220;4.3.4&#8243;][et_pb_image src=&#8220;http:\/\/schule-fischbach.ch\/site\/wp-content\/uploads\/2020\/03\/schulhaus1.jpg&#8220; _builder_version=&#8220;4.3.4&#8243;][\/et_pb_image][\/et_pb_column][\/et_pb_row][et_pb_row _builder_version=&#8220;4.3.4&#8243; background_size=&#8220;initial&#8220; background_position=&#8220;top_left&#8220; background_repeat=&#8220;repeat&#8220; width=&#8220;90.05%&#8220; custom_margin=&#8220;||||false|false&#8220; custom_padding=&#8220;||||false|false&#8220;][et_pb_column type=&#8220;4_4&#8243; _builder_version=&#8220;3.25&#8243; custom_padding=&#8220;|||&#8220; custom_padding__hover=&#8220;|||&#8220;][et_pb_text _builder_version=&#8220;4.3.4&#8243; inline_fonts=&#8220;Coming Soon&#8220;]<\/p>\n<p style=\"text-align: justify;\">\n<p><a href=\"http:\/\/schule-fischbach.ch\/site\/wp-content\/uploads\/2020\/03\/schulhaus1.jpg\"><\/a><\/p>\n<p style=\"text-align: center;\"><span style=\"font-family: 'Coming Soon'; font-weight: normal; font-size: large; color: #b72b6c;\"><strong>famili\u00e4r &#8211; dynamisch &#8211; offen<\/strong><\/span><\/p>\n<p>Mit den drei Attributen \u201efamili\u00e4r \u2013 dynamisch \u2013 offen\u201c kann unsere Schule treffend umschrieben werden. Das intensive Jahresprogramm und die starke Teamarbeit fordern die Lehrpersonen heraus. Bezeichnend f\u00fcr die Schule Fischbach ist die Intensit\u00e4t und Qualit\u00e4t der Projekte. Das Weihnachts-Musical , die Schulverlegung und viele weitere Projekte sind f\u00fcr die Schule und die ganze Gemeinde von sehr grosser Bedeutung.<\/p>\n<p>[\/et_pb_text][\/et_pb_column][\/et_pb_row][\/et_pb_section]<\/p>\n","protected":false},"excerpt":{"rendered":"<p>[et_pb_section fb_built=&#8220;1&#8243; _builder_version=&#8220;4.3.4&#8243; custom_padding=&#8220;35px||54px||false|false&#8220;][et_pb_row _builder_version=&#8220;4.3.4&#8243; background_size=&#8220;initial&#8220; background_position=&#8220;top_left&#8220; background_repeat=&#8220;repeat&#8220; width=&#8220;90.05%&#8220; custom_margin=&#8220;||||false|false&#8220; custom_padding=&#8220;||||false|false&#8220;][et_pb_column type=&#8220;4_4&#8243; _builder_version=&#8220;3.25&#8243; custom_padding=&#8220;|||&#8220; custom_padding__hover=&#8220;|||&#8220;][et_pb_post_title meta=&#8220;off&#8220; date_format=&#8220;d. F Y, G:i&#8220; featured_image=&#8220;off&#8220; _builder_version=&#8220;4.3.4&#8243; title_font=&#8220;Coming Soon|700|||||||&#8220; title_text_color=&#8220;#0177b5&#8243;][\/et_pb_post_title][et_pb_text _builder_version=&#8220;4.3.4&#8243; inline_fonts=&#8220;Coming Soon&#8220;] Die Schule Fischbach ist eine kleine, \u00fcberschaubare Schule in einer l\u00e4ndlichen Gegend. Sie beherbergt drei Abteilungen: Basisstufe, 3.\/4. Klasse und 5.\/6. Klasse. Insgesamt werden 45 Kinder von [&hellip;]<\/p>\n","protected":false},"author":1,"featured_media":0,"parent":0,"menu_order":3,"comment_status":"closed","ping_status":"closed","template":"","meta":{"_et_pb_use_builder":"on","_et_pb_old_content":"","_et_gb_content_width":"","footnotes":""},"class_list":["post-72","page","type-page","status-publish","hentry"],"_links":{"self":[{"href":"http:\/\/schule-fischbach.ch\/site\/index.php\/wp-json\/wp\/v2\/pages\/72","targetHints":{"allow":["GET"]}}],"collection":[{"href":"http:\/\/schule-fischbach.ch\/site\/index.php\/wp-json\/wp\/v2\/pages"}],"about":[{"href":"http:\/\/schule-fischbach.ch\/site\/index.php\/wp-json\/wp\/v2\/types\/page"}],"author":[{"embeddable":true,"href":"http:\/\/schule-fischbach.ch\/site\/index.php\/wp-json\/wp\/v2\/users\/1"}],"replies":[{"embeddable":true,"href":"http:\/\/schule-fischbach.ch\/site\/index.php\/wp-json\/wp\/v2\/comments?post=72"}],"version-history":[{"count":11,"href":"http:\/\/schule-fischbach.ch\/site\/index.php\/wp-json\/wp\/v2\/pages\/72\/revisions"}],"predecessor-version":[{"id":3378,"href":"http:\/\/schule-fischbach.ch\/site\/index.php\/wp-json\/wp\/v2\/pages\/72\/revisions\/3378"}],"wp:attachment":[{"href":"http:\/\/schule-fischbach.ch\/site\/index.php\/wp-json\/wp\/v2\/media?parent=72"}],"curies":[{"name":"wp","href":"https:\/\/api.w.org\/{rel}","templated":true}]}}