{"id":437,"date":"2020-03-15T18:57:30","date_gmt":"2020-03-15T18:57:30","guid":{"rendered":"http:\/\/schule-fischbach.ch\/site\/?page_id=437"},"modified":"2024-09-05T17:00:42","modified_gmt":"2024-09-05T15:00:42","slug":"jahresschwerpunkte","status":"publish","type":"page","link":"http:\/\/schule-fischbach.ch\/site\/index.php\/schuljahr\/jahresschwerpunkte\/","title":{"rendered":"Schwerpunkte"},"content":{"rendered":"<p>[et_pb_section fb_built=&#8220;1&#8243; _builder_version=&#8220;4.3.4&#8243; custom_padding=&#8220;35px||54px||false|false&#8220;][et_pb_row _builder_version=&#8220;4.3.4&#8243; background_size=&#8220;initial&#8220; background_position=&#8220;top_left&#8220; background_repeat=&#8220;repeat&#8220; width=&#8220;90.05%&#8220; custom_margin=&#8220;||||false|false&#8220; custom_padding=&#8220;||||false|false&#8220;][et_pb_column type=&#8220;4_4&#8243; _builder_version=&#8220;3.25&#8243; custom_padding=&#8220;|||&#8220; custom_padding__hover=&#8220;|||&#8220;][et_pb_post_title meta=&#8220;off&#8220; date_format=&#8220;d. F Y, G:i&#8220; featured_image=&#8220;off&#8220; _builder_version=&#8220;4.3.4&#8243; title_font=&#8220;Coming Soon|700|||||||&#8220; title_text_color=&#8220;#0177b5&#8243;][\/et_pb_post_title][et_pb_text _builder_version=&#8220;4.3.4&#8243; inline_fonts=&#8220;Coming Soon&#8220;]<\/p>\n<p style=\"text-align: justify;\">Hier finden Sie Infos zu unseren Jahresschwerpunkten. Klicken Sie das gew\u00fcnschte Stichwort an, um mehr dar\u00fcber zu erfahren.<\/p>\n<p>[\/et_pb_text][et_pb_tabs active_tab_text_color=&#8220;#b72b6c&#8220; _builder_version=&#8220;4.3.4&#8243; tab_text_color=&#8220;#0177b5&#8243; tab_font=&#8220;Coming Soon|700|||||||&#8220; tab_font_size=&#8220;16px&#8220; hover_enabled=&#8220;0&#8243;][et_pb_tab title=&#8220;Jahresmotto&#8220; _builder_version=&#8220;4.3.4&#8243; hover_enabled=&#8220;0&#8243;]<\/p>\n<div class=\"page\" title=\"Page 12\">\n<div class=\"layoutArea\">\n<div class=\"column\">\n<p class=\"Default\"><span style=\"font-size: 11.5pt;\">Welt &#8211; Klasse<\/span><span style=\"font-size: 11.0pt;\"><o:p><\/o:p><\/span><\/p>\n<p class=\"Default\"><span style=\"font-size: 11.5pt;\"><\/span><\/p>\n<p class=\"Default\"><span style=\"font-size: 11.5pt;\">Das Motto Welt &#8211; Klasse l\u00e4sst viel Raum f\u00fcr Aktivit\u00e4ten im und ums Schulhaus. <\/span><\/p>\n<p class=\"Default\"><span style=\"font-size: 11.5pt;\">Zum einen lernen wir unseren Planeten genauer kennen und wissen wie wir achtsam mit ihm umgehen. Aber auch unsere Umgebung im und ums Schulhaus und in unserer Gemeide.<br \/><\/span><\/p>\n<p class=\"Default\"><span style=\"font-size: 11.5pt;\">Zum anderen ist jedes Kind &#8222;weltklasse&#8220; und hat besondere St\u00e4rken in einem Bereich, die wir f\u00f6rdern m\u00f6chten. Aber auch im Klassenverband &#8211; gemeinsam eine &#8222;Welt-Klasse&#8220; zu werden.<\/span><\/p>\n<p class=\"Default\"><span style=\"font-size: 11.5pt;\"><\/span><\/p>\n<p>&nbsp;<\/p>\n<p><span><\/span><\/p>\n<p><span><\/span><\/p>\n<\/div>\n<\/div>\n<\/div>\n<p>[\/et_pb_tab][et_pb_tab title=&#8220;Und nat\u00fcrlich auch noch&#8230;&#8220; _builder_version=&#8220;4.3.4&#8243;]<\/p>\n<p style=\"text-align: justify;\">Die Schule Fischbach pr\u00e4gt das Leben in der Gemeinde mit, indem sie sich immer wieder an Anl\u00e4ssen beteiligt und f\u00fcr die Kinder besonders attraktive Programmpunkte organisiert. So bleibt die Schule abwechslungsreich und spannend.<\/p>\n<div class=\"clear\" style=\"text-align: justify;\"><\/div>\n<div id=\"commentsbox\">\n<div id=\"comment-form\">\n<div id=\"respond\" class=\"comment-respond\"><\/div>\n<\/div>\n<\/div>\n<p>[\/et_pb_tab][\/et_pb_tabs][\/et_pb_column][\/et_pb_row][\/et_pb_section]<\/p>\n","protected":false},"excerpt":{"rendered":"<p>[et_pb_section fb_built=&#8220;1&#8243; _builder_version=&#8220;4.3.4&#8243; custom_padding=&#8220;35px||54px||false|false&#8220;][et_pb_row _builder_version=&#8220;4.3.4&#8243; background_size=&#8220;initial&#8220; background_position=&#8220;top_left&#8220; background_repeat=&#8220;repeat&#8220; width=&#8220;90.05%&#8220; custom_margin=&#8220;||||false|false&#8220; custom_padding=&#8220;||||false|false&#8220;][et_pb_column type=&#8220;4_4&#8243; _builder_version=&#8220;3.25&#8243; custom_padding=&#8220;|||&#8220; custom_padding__hover=&#8220;|||&#8220;][et_pb_post_title meta=&#8220;off&#8220; date_format=&#8220;d. F Y, G:i&#8220; featured_image=&#8220;off&#8220; _builder_version=&#8220;4.3.4&#8243; title_font=&#8220;Coming Soon|700|||||||&#8220; title_text_color=&#8220;#0177b5&#8243;][\/et_pb_post_title][et_pb_text _builder_version=&#8220;4.3.4&#8243; inline_fonts=&#8220;Coming Soon&#8220;] Hier finden Sie Infos zu unseren Jahresschwerpunkten. Klicken Sie das gew\u00fcnschte Stichwort an, um mehr dar\u00fcber zu erfahren. [\/et_pb_text][et_pb_tabs active_tab_text_color=&#8220;#b72b6c&#8220; _builder_version=&#8220;4.3.4&#8243; tab_text_color=&#8220;#0177b5&#8243; tab_font=&#8220;Coming Soon|700|||||||&#8220; tab_font_size=&#8220;16px&#8220; hover_enabled=&#8220;0&#8243;][et_pb_tab title=&#8220;Jahresmotto&#8220; [&hellip;]<\/p>\n","protected":false},"author":1,"featured_media":0,"parent":426,"menu_order":0,"comment_status":"closed","ping_status":"closed","template":"","meta":{"_et_pb_use_builder":"on","_et_pb_old_content":"","_et_gb_content_width":"","footnotes":""},"class_list":["post-437","page","type-page","status-publish","hentry"],"_links":{"self":[{"href":"http:\/\/schule-fischbach.ch\/site\/index.php\/wp-json\/wp\/v2\/pages\/437","targetHints":{"allow":["GET"]}}],"collection":[{"href":"http:\/\/schule-fischbach.ch\/site\/index.php\/wp-json\/wp\/v2\/pages"}],"about":[{"href":"http:\/\/schule-fischbach.ch\/site\/index.php\/wp-json\/wp\/v2\/types\/page"}],"author":[{"embeddable":true,"href":"http:\/\/schule-fischbach.ch\/site\/index.php\/wp-json\/wp\/v2\/users\/1"}],"replies":[{"embeddable":true,"href":"http:\/\/schule-fischbach.ch\/site\/index.php\/wp-json\/wp\/v2\/comments?post=437"}],"version-history":[{"count":11,"href":"http:\/\/schule-fischbach.ch\/site\/index.php\/wp-json\/wp\/v2\/pages\/437\/revisions"}],"predecessor-version":[{"id":3276,"href":"http:\/\/schule-fischbach.ch\/site\/index.php\/wp-json\/wp\/v2\/pages\/437\/revisions\/3276"}],"up":[{"embeddable":true,"href":"http:\/\/schule-fischbach.ch\/site\/index.php\/wp-json\/wp\/v2\/pages\/426"}],"wp:attachment":[{"href":"http:\/\/schule-fischbach.ch\/site\/index.php\/wp-json\/wp\/v2\/media?parent=437"}],"curies":[{"name":"wp","href":"https:\/\/api.w.org\/{rel}","templated":true}]}}