{"id":426,"date":"2020-03-15T18:52:11","date_gmt":"2020-03-15T18:52:11","guid":{"rendered":"http:\/\/schule-fischbach.ch\/site\/?page_id=426"},"modified":"2022-10-10T15:58:14","modified_gmt":"2022-10-10T13:58:14","slug":"schuljahr","status":"publish","type":"page","link":"http:\/\/schule-fischbach.ch\/site\/index.php\/schuljahr\/","title":{"rendered":"Schuljahr"},"content":{"rendered":"<p>[et_pb_section fb_built=&#8220;1&#8243; _builder_version=&#8220;4.3.4&#8243; custom_padding=&#8220;35px||54px||false|false&#8220;][et_pb_row _builder_version=&#8220;4.3.4&#8243; background_size=&#8220;initial&#8220; background_position=&#8220;top_left&#8220; background_repeat=&#8220;repeat&#8220; width=&#8220;90.05%&#8220; custom_margin=&#8220;||||false|false&#8220; custom_padding=&#8220;||23px||false|false&#8220;][et_pb_column type=&#8220;4_4&#8243; _builder_version=&#8220;3.25&#8243; custom_padding=&#8220;|||&#8220; custom_padding__hover=&#8220;|||&#8220;][et_pb_post_title meta=&#8220;off&#8220; date_format=&#8220;d. F Y, G:i&#8220; featured_image=&#8220;off&#8220; _builder_version=&#8220;4.3.4&#8243; title_font=&#8220;Coming Soon|700|||||||&#8220; title_text_color=&#8220;#0177b5&#8243;][\/et_pb_post_title][et_pb_text _builder_version=&#8220;4.3.4&#8243; hover_enabled=&#8220;0&#8243; inline_fonts=&#8220;Coming Soon&#8220;]<\/p>\n<p>Der Fokus &#8222;<span color=\"#b72b6c\" style=\"color: #b72b6c;\"><span style=\"caret-color: #b72b6c;\"><b>Medien und Informatik&#8220;<\/b><\/span><\/span> soll uns \u00fcber die n\u00e4chsten zwei Schuljahre begleiten. Das n\u00e4chste Schuljahr soll dem Thema <strong>Infrastruktur<\/strong> gewidmet werden. Dazu geh\u00f6ren die Kompetenzen der Lehrpersonen und der SuS, aber auch die Software und Ger\u00e4te im Schulhaus.<\/p>\n<p>Alle Sch\u00fclerinnen und Sch\u00fcler ab der 3. Klasse sind mit Laptop ausgestattet. Zur Ausstattung der Klassenzimmer geh\u00f6rt ein Beamer und ein Visualizer.<\/p>\n<p>[\/et_pb_text][\/et_pb_column][\/et_pb_row][\/et_pb_section]<\/p>\n","protected":false},"excerpt":{"rendered":"<p>[et_pb_section fb_built=&#8220;1&#8243; _builder_version=&#8220;4.3.4&#8243; custom_padding=&#8220;35px||54px||false|false&#8220;][et_pb_row _builder_version=&#8220;4.3.4&#8243; background_size=&#8220;initial&#8220; background_position=&#8220;top_left&#8220; background_repeat=&#8220;repeat&#8220; width=&#8220;90.05%&#8220; custom_margin=&#8220;||||false|false&#8220; custom_padding=&#8220;||23px||false|false&#8220;][et_pb_column type=&#8220;4_4&#8243; _builder_version=&#8220;3.25&#8243; custom_padding=&#8220;|||&#8220; custom_padding__hover=&#8220;|||&#8220;][et_pb_post_title meta=&#8220;off&#8220; date_format=&#8220;d. F Y, G:i&#8220; featured_image=&#8220;off&#8220; _builder_version=&#8220;4.3.4&#8243; title_font=&#8220;Coming Soon|700|||||||&#8220; title_text_color=&#8220;#0177b5&#8243;][\/et_pb_post_title][et_pb_text _builder_version=&#8220;4.3.4&#8243; hover_enabled=&#8220;0&#8243; inline_fonts=&#8220;Coming Soon&#8220;] Der Fokus &#8222;Medien und Informatik&#8220; soll uns \u00fcber die n\u00e4chsten zwei Schuljahre begleiten. Das n\u00e4chste Schuljahr soll dem Thema Infrastruktur gewidmet werden. Dazu geh\u00f6ren die Kompetenzen [&hellip;]<\/p>\n","protected":false},"author":1,"featured_media":0,"parent":0,"menu_order":4,"comment_status":"closed","ping_status":"closed","template":"","meta":{"_et_pb_use_builder":"on","_et_pb_old_content":"","_et_gb_content_width":"","footnotes":""},"class_list":["post-426","page","type-page","status-publish","hentry"],"_links":{"self":[{"href":"http:\/\/schule-fischbach.ch\/site\/index.php\/wp-json\/wp\/v2\/pages\/426","targetHints":{"allow":["GET"]}}],"collection":[{"href":"http:\/\/schule-fischbach.ch\/site\/index.php\/wp-json\/wp\/v2\/pages"}],"about":[{"href":"http:\/\/schule-fischbach.ch\/site\/index.php\/wp-json\/wp\/v2\/types\/page"}],"author":[{"embeddable":true,"href":"http:\/\/schule-fischbach.ch\/site\/index.php\/wp-json\/wp\/v2\/users\/1"}],"replies":[{"embeddable":true,"href":"http:\/\/schule-fischbach.ch\/site\/index.php\/wp-json\/wp\/v2\/comments?post=426"}],"version-history":[{"count":6,"href":"http:\/\/schule-fischbach.ch\/site\/index.php\/wp-json\/wp\/v2\/pages\/426\/revisions"}],"predecessor-version":[{"id":2777,"href":"http:\/\/schule-fischbach.ch\/site\/index.php\/wp-json\/wp\/v2\/pages\/426\/revisions\/2777"}],"wp:attachment":[{"href":"http:\/\/schule-fischbach.ch\/site\/index.php\/wp-json\/wp\/v2\/media?parent=426"}],"curies":[{"name":"wp","href":"https:\/\/api.w.org\/{rel}","templated":true}]}}