{"id":3342,"date":"2025-03-26T10:00:29","date_gmt":"2025-03-26T08:00:29","guid":{"rendered":"http:\/\/schule-fischbach.ch\/site\/?page_id=3342"},"modified":"2025-04-28T16:31:10","modified_gmt":"2025-04-28T14:31:10","slug":"spielgruppe","status":"publish","type":"page","link":"http:\/\/schule-fischbach.ch\/site\/index.php\/unsere-schule\/spielgruppe\/","title":{"rendered":"Spielgruppe"},"content":{"rendered":"<p>[et_pb_section fb_built=&#8220;1&#8243; _builder_version=&#8220;4.3.4&#8243;][et_pb_row _builder_version=&#8220;4.3.4&#8243;][et_pb_column _builder_version=&#8220;4.3.4&#8243; type=&#8220;4_4&#8243;][et_pb_text _builder_version=&#8220;4.3.4&#8243; hover_enabled=&#8220;0&#8243;]<\/p>\n<h1 class=\"entry-title\"><span style=\"color: #0177b5;\">Spielgruppe<\/span><\/h1>\n<section class=\"element element-text element-1 odd bg-\">\n<div class=\"container\">\n<div class=\"row\">\n<div class=\"col-12 col-md-9 content\">\n<p><strong>Aussenspielgruppe Moos<\/strong><br \/> In der Aussenspielgruppe Moos entdecken Kinder im Alter von 3 bis 4 Jahren die Natur mit allen Sinnen. Sie erkunden den nahen Wald und und die Wiesen, beobachten Tiere, helfen beim F\u00fcttern und erleben hautnah den Wandel der Jahreszeiten. Bei jedem Wetter sind die Kinder draussen unterwegs, gut eingepackt in wetterfeste Kleidung. Die freie Bewegung in der Natur erm\u00f6glicht es ihnen, ihren nat\u00fcrlichen Bewegungsdrang auf spielerische Weise auszuleben. Dabei bietet die Umgebung unz\u00e4hlige Spielimpulse und regt die Fantasie an. Durch eigene Erfahrungen bauen die Kinder eine pers\u00f6nliche Beziehung zur Natur auf und entwickeln einen achtsamen, liebevollen Umgang mit ihrer Umwelt. Das Spielen in der Gruppe macht Freude, inspiriert zum Mitmachen und f\u00f6rdert auf ganz nat\u00fcrliche Weise das soziale Lernen.<\/p>\n<p>Birrer Patricia<br \/> Moos 2<br \/> 6145 Fischbach<\/p>\n<p>041 988 28 01<strong><br \/> <a href=\"mailto:patricia.birrer@bluewin.ch\">patricia.birrer@bluewin.ch<\/a><\/strong><\/p>\n<\/div>\n<\/div>\n<\/div>\n<\/section>\n<p>[\/et_pb_text][\/et_pb_column][\/et_pb_row][\/et_pb_section][et_pb_section fb_built=&#8220;1&#8243; _builder_version=&#8220;4.3.4&#8243;][et_pb_row _builder_version=&#8220;4.3.4&#8243; column_structure=&#8220;1_4,1_4,1_4,1_4&#8243;][et_pb_column _builder_version=&#8220;4.3.4&#8243; type=&#8220;1_4&#8243;][et_pb_image src=&#8220;http:\/\/schule-fischbach.ch\/site\/wp-content\/uploads\/2025\/04\/SP-9-scaled.jpg&#8220; _builder_version=&#8220;4.3.4&#8243; hover_enabled=&#8220;0&#8243;][\/et_pb_image][\/et_pb_column][et_pb_column _builder_version=&#8220;4.3.4&#8243; type=&#8220;1_4&#8243;][et_pb_image src=&#8220;http:\/\/schule-fischbach.ch\/site\/wp-content\/uploads\/2025\/03\/Bildschirmfoto-2025-03-26-um-08.58.29.png&#8220; _builder_version=&#8220;4.3.4&#8243; hover_enabled=&#8220;0&#8243;][\/et_pb_image][\/et_pb_column][et_pb_column _builder_version=&#8220;4.3.4&#8243; type=&#8220;1_4&#8243;][et_pb_image src=&#8220;http:\/\/schule-fischbach.ch\/site\/wp-content\/uploads\/2025\/04\/SP-16-scaled.jpg&#8220; _builder_version=&#8220;4.3.4&#8243; hover_enabled=&#8220;0&#8243;][\/et_pb_image][\/et_pb_column][et_pb_column _builder_version=&#8220;4.3.4&#8243; type=&#8220;1_4&#8243;][et_pb_image src=&#8220;http:\/\/schule-fischbach.ch\/site\/wp-content\/uploads\/2025\/04\/SP-3-scaled.jpg&#8220; _builder_version=&#8220;4.3.4&#8243; hover_enabled=&#8220;0&#8243;][\/et_pb_image][\/et_pb_column][\/et_pb_row][\/et_pb_section]<\/p>\n","protected":false},"excerpt":{"rendered":"<p>[et_pb_section fb_built=&#8220;1&#8243; _builder_version=&#8220;4.3.4&#8243;][et_pb_row _builder_version=&#8220;4.3.4&#8243;][et_pb_column _builder_version=&#8220;4.3.4&#8243; type=&#8220;4_4&#8243;][et_pb_text _builder_version=&#8220;4.3.4&#8243; hover_enabled=&#8220;0&#8243;] Spielgruppe Aussenspielgruppe Moos In der Aussenspielgruppe Moos entdecken Kinder im Alter von 3 bis 4 Jahren die Natur mit allen Sinnen. Sie erkunden den nahen Wald und und die Wiesen, beobachten Tiere, helfen beim F\u00fcttern und erleben hautnah den Wandel der Jahreszeiten. Bei jedem Wetter sind die [&hellip;]<\/p>\n","protected":false},"author":1,"featured_media":3343,"parent":72,"menu_order":3,"comment_status":"closed","ping_status":"closed","template":"","meta":{"_et_pb_use_builder":"on","_et_pb_old_content":"","_et_gb_content_width":"","footnotes":""},"class_list":["post-3342","page","type-page","status-publish","has-post-thumbnail","hentry"],"_links":{"self":[{"href":"http:\/\/schule-fischbach.ch\/site\/index.php\/wp-json\/wp\/v2\/pages\/3342","targetHints":{"allow":["GET"]}}],"collection":[{"href":"http:\/\/schule-fischbach.ch\/site\/index.php\/wp-json\/wp\/v2\/pages"}],"about":[{"href":"http:\/\/schule-fischbach.ch\/site\/index.php\/wp-json\/wp\/v2\/types\/page"}],"author":[{"embeddable":true,"href":"http:\/\/schule-fischbach.ch\/site\/index.php\/wp-json\/wp\/v2\/users\/1"}],"replies":[{"embeddable":true,"href":"http:\/\/schule-fischbach.ch\/site\/index.php\/wp-json\/wp\/v2\/comments?post=3342"}],"version-history":[{"count":5,"href":"http:\/\/schule-fischbach.ch\/site\/index.php\/wp-json\/wp\/v2\/pages\/3342\/revisions"}],"predecessor-version":[{"id":3362,"href":"http:\/\/schule-fischbach.ch\/site\/index.php\/wp-json\/wp\/v2\/pages\/3342\/revisions\/3362"}],"up":[{"embeddable":true,"href":"http:\/\/schule-fischbach.ch\/site\/index.php\/wp-json\/wp\/v2\/pages\/72"}],"wp:featuredmedia":[{"embeddable":true,"href":"http:\/\/schule-fischbach.ch\/site\/index.php\/wp-json\/wp\/v2\/media\/3343"}],"wp:attachment":[{"href":"http:\/\/schule-fischbach.ch\/site\/index.php\/wp-json\/wp\/v2\/media?parent=3342"}],"curies":[{"name":"wp","href":"https:\/\/api.w.org\/{rel}","templated":true}]}}